{"id":459,"date":"2024-06-20T14:28:49","date_gmt":"2024-06-20T14:28:49","guid":{"rendered":"https:\/\/corsbcn.com\/?page_id=459"},"modified":"2025-06-03T19:26:47","modified_gmt":"2025-06-03T19:26:47","slug":"politica-de-privacidad","status":"publish","type":"page","link":"https:\/\/corsbcn.com\/ca\/politica-de-privacidad\/","title":{"rendered":"Pol\u00edtica de Privacidad"},"content":{"rendered":"<p>[et_pb_section fb_built=\u00bb1&#8243; theme_builder_area=\u00bbpost_content\u00bb _builder_version=\u00bb4.27.4&#8243; _module_preset=\u00bbdefault\u00bb][et_pb_row _builder_version=\u00bb4.27.4&#8243; _module_preset=\u00bbdefault\u00bb theme_builder_area=\u00bbpost_content\u00bb][et_pb_column _builder_version=\u00bb4.27.4&#8243; _module_preset=\u00bbdefault\u00bb type=\u00bb4_4&#8243; theme_builder_area=\u00bbpost_content\u00bb][et_pb_text _builder_version=\u00bb4.27.4&#8243; _module_preset=\u00bbdefault\u00bb theme_builder_area=\u00bbpost_content\u00bb text_font=\u00bb|700|||||||\u00bb text_text_color=\u00bbrgba(0,0,0,0.63)\u00bb hover_enabled=\u00bb0&#8243; sticky_enabled=\u00bb0&#8243;]<\/p>\n<p><strong>PROTECCI\u00d3N DE DATOS DE CAR\u00c1CTER PERSONAL SEG\u00daN EL RGPD<\/strong><\/p>\n<p><span style=\"font-weight: 400;\">CORS, REHABILITACIO, REFORMES I SERVEIS S.L., en aplicaci\u00f3n de la normativa vigente en materia de\u00a0protecci\u00f3n de datos\u00a0de car\u00e1cter personal, informa que los datos personales que se recogen a trav\u00e9s de los formularios del Sitio web: https:\/\/corsbcn.com\/, se incluyen en los ficheros automatizados espec\u00edficos de usuarios de los servicios de CORS, REHABILITACIO, REFORMES I SERVEIS S.L.<\/span><\/p>\n<p><span style=\"font-weight: 400;\">La recogida y tratamiento automatizado de los datos de car\u00e1cter personal tiene como finalidad el mantenimiento de la relaci\u00f3n comercial y el desempe\u00f1o de tareas de informaci\u00f3n, formaci\u00f3n, asesoramiento y otras actividades propias de CORS, REHABILITACIO, REFORMES I SERVEIS S.L.<\/span><\/p>\n<p><span style=\"font-weight: 400;\">Estos datos \u00fanicamente ser\u00e1n cedidos a aquellas entidades que sean necesarias con el \u00fanico objetivo de dar cumplimiento a la finalidad anteriormente expuesta.<\/span><\/p>\n<p><span style=\"font-weight: 400;\">CORS, REHABILITACIO, REFORMES I SERVEIS S.L.adopta las medidas necesarias para garantizar la seguridad, integridad y confidencialidad de los datos conforme a lo dispuesto en el Reglamento (UE) 2016\/679 del Parlamento Europeo y del Consejo, de 27 de abril de 2016, relativo a la protecci\u00f3n de las personas f\u00edsicas en lo que respecta al tratamiento de datos personales y a la libre circulaci\u00f3n de los mismos, y derogando la antigua LOPD, la nueva Ley Org\u00e1nica 3\/2018, de 5 diciembre, de Protecci\u00f3n de Datos y Garant\u00eda de los Derechos Digitales (LOPDGDD).<\/span><\/p>\n<p><span style=\"font-weight: 400;\">El usuario podr\u00e1 en cualquier momento ejercitar los derechos de acceso, oposici\u00f3n, rectificaci\u00f3n, cancelaci\u00f3n, limitaci\u00f3n y portabilidad reconocidos en el citado Reglamento (UE). El ejercicio de estos derechos puede realizarlo el propio usuario a trav\u00e9s de email a: <\/span><a href=\"mailto:info@corsbcn.com\"><span style=\"font-weight: 400;\">info@corsbcn.com<\/span><\/a><span style=\"font-weight: 400;\"> o en la direcci\u00f3n: C\/Llull 26 \u2013 Local 2 (08005) Barcelona El usuario manifiesta que todos los datos facilitados por \u00e9l son ciertos y correctos, y se compromete a mantenerlos actualizados, comunicando los cambios a CORS, REHABILITACIO, REFORMES I SERVEIS S.L<\/span><\/p>\n<p><b>Finalidad del tratamiento de los datos personales:<\/b><\/p>\n<p><b>\u00bfCon qu\u00e9 finalidad trataremos tus datos personales?<\/b><\/p>\n<p><span style=\"font-weight: 400;\">En CORS, REHABILITACIO, REFORMES I SERVEIS S.L, trataremos tus datos personales recabados a trav\u00e9s del Sitio Web: https:\/\/corsbcn.com\/, con las siguientes finalidades:<\/span><\/p>\n<ol>\n<li style=\"font-weight: 400;\" aria-level=\"1\"><span style=\"font-weight: 400;\">Dar cumplimiento de las obligaciones, comerciales, laborales, corporativas y contables de la empresa.<\/span><\/li>\n<li style=\"font-weight: 400;\" aria-level=\"1\"><span style=\"font-weight: 400;\">Env\u00edo de informaci\u00f3n comercial y boletines sobre nuevos servicios ofrecidos en la web y del sector.<\/span><\/li>\n<li style=\"font-weight: 400;\" aria-level=\"1\"><span style=\"font-weight: 400;\">Adquirir los productos ofrecidos a trav\u00e9s de la p\u00e1gina web.<\/span><\/li>\n<li style=\"font-weight: 400;\" aria-level=\"1\"><span style=\"font-weight: 400;\">Enviar informaci\u00f3n promocional v\u00eda electr\u00f3nica.<\/span><\/li>\n<li style=\"font-weight: 400;\" aria-level=\"1\"><span style=\"font-weight: 400;\">Facilitar la informaci\u00f3n solicitada por el usuario a trav\u00e9s del formulario de contacto.<\/span><\/li>\n<\/ol>\n<p><span style=\"font-weight: 400;\">Te recordamos que puedes oponerte al env\u00edo de comunicaciones comerciales por cualquier v\u00eda y en cualquier momento, remitiendo un correo electr\u00f3nico a la direcci\u00f3n anteriormente indicada.<\/span><\/p>\n<p><span style=\"font-weight: 400;\">Los campos de dichos registros son de cumplimentaci\u00f3n obligatoria, siendo imposible realizar las finalidades expresadas si no se aportan esos datos.<\/span><\/p>\n<p><b>\u00bfPor cu\u00e1nto tiempo se conservan los datos personales recabados?<\/b><\/p>\n<p><span style=\"font-weight: 400;\">Los datos personales proporcionados se conservar\u00e1n mientras se mantenga la relaci\u00f3n comercial o no solicites su supresi\u00f3n y durante el plazo por el cu\u00e1l pudieran derivarse responsabilidades legales por los servicios prestados.<\/span><\/p>\n<p><span style=\"font-weight: 400;\">Legitimaci\u00f3n:<\/span><\/p>\n<p><span style=\"font-weight: 400;\">El tratamiento de tus datos se realiza con las siguientes bases jur\u00eddicas que legitiman el mismo:<\/span><\/p>\n<ol>\n<li style=\"font-weight: 400;\" aria-level=\"1\"><span style=\"font-weight: 400;\">La solicitud de informaci\u00f3n y\/o la contrataci\u00f3n de los servicios de <\/span><span style=\"font-weight: 400;\">CORS, REHABILITACIO, REFORMES I SERVEIS S.L<\/span><span style=\"font-weight: 400;\"> cuyos t\u00e9rminos y condiciones se pondr\u00e1n a tu disposici\u00f3n en todo caso, de forma previa a una eventual contrataci\u00f3n.<\/span><\/li>\n<li style=\"font-weight: 400;\" aria-level=\"1\"><span style=\"font-weight: 400;\">El consentimiento libre, espec\u00edfico, informado e inequ\u00edvoco, en tanto que te informamos poniendo a tu disposici\u00f3n la presente pol\u00edtica de privacidad, que tras la lectura de la misma, en caso de estar conforme, puedes aceptar mediante una declaraci\u00f3n o una clara acci\u00f3n afirmativa, como el marcado de una casilla dispuesta al efecto.<\/span><\/li>\n<\/ol>\n<p><span style=\"font-weight: 400;\">En caso de que no nos facilites tus datos o lo hagas de forma err\u00f3nea o incompleta, no podremos atender tu solicitud, resultando del todo imposible proporcionarte la informaci\u00f3n solicitada o llevar a cabo la contrataci\u00f3n de los servicios.<\/span><\/p>\n<p><span style=\"font-weight: 400;\">Destinatarios:<\/span><\/p>\n<p><span style=\"font-weight: 400;\">Los datos no se comunicar\u00e1n a ning\u00fan tercero ajeno a CORS, REHABILITACIO, REFORMES I SERVEIS S.L, salvo obligaci\u00f3n legal.<\/span><\/p>\n<p><span style=\"font-weight: 400;\">Datos recopilados por usuarios de los servicios<\/span><\/p>\n<p><span style=\"font-weight: 400;\">En los casos en que el usuario incluya ficheros con datos de car\u00e1cter personal en los servidores de alojamiento compartido, CORS, REHABILITACIO, REFORMES I SERVEIS S.L no se hace responsable del incumplimiento por parte del usuario del RGPD.<\/span><\/p>\n<p><span style=\"font-weight: 400;\">Derechos propiedad intelectual <\/span><a href=\"mailto:info@corsbcn.com\"><span style=\"font-weight: 400;\">info@corsbcn.com<\/span><\/a><\/p>\n<p><span style=\"font-weight: 400;\">CORS, REHABILITACIO, REFORMES I SERVEIS S.L es titular de todos los derechos de autor, propiedad intelectual, industrial, \u00abknow how\u00bb y cuantos otros derechos guardan relaci\u00f3n con los contenidos del sitio web https:\/\/corsbcn.com\/ y los servicios ofertados en el mismo, as\u00ed como de los programas necesarios para su implementaci\u00f3n y la informaci\u00f3n relacionada.<\/span><\/p>\n<p><span style=\"font-weight: 400;\">No se permite la reproducci\u00f3n, publicaci\u00f3n y\/o uso no estrictamente privado de los contenidos, totales o parciales, del sitio web https:\/\/corsbcn.com\/ sin el consentimiento previo y por escrito.<\/span><\/p>\n<p><span style=\"font-weight: 400;\">Propiedad intelectual del software<\/span><\/p>\n<p><span style=\"font-weight: 400;\">El usuario debe respetar los programas de terceros puestos a su disposici\u00f3n por CORS, REHABILITACIO, REFORMES I SERVEIS S.L, a\u00fan siendo gratuitos y\/o de disposici\u00f3n p\u00fablica.<\/span><\/p>\n<p><span style=\"font-weight: 400;\">CORS, REHABILITACIO, REFORMES I SERVEIS S.L dispone de los derechos de explotaci\u00f3n y propiedad intelectual necesarios del software.<\/span><\/p>\n<p><span style=\"font-weight: 400;\">El usuario no adquiere derecho alguno o licencia por el servicio contratado, sobre el software necesario para la prestaci\u00f3n del servicio, ni tampoco sobre la informaci\u00f3n t\u00e9cnica de seguimiento del servicio, excepci\u00f3n hecha de los derechos y licencias necesarios para el cumplimiento de los servicios contratados y \u00fanicamente durante la duraci\u00f3n de los mismos.<\/span><\/p>\n<p><span style=\"font-weight: 400;\">Para toda actuaci\u00f3n que exceda del cumplimiento del contrato, el usuario necesitar\u00e1 autorizaci\u00f3n por escrito por parte de CORS, REHABILITACIO, REFORMES I SERVEIS S.L, quedando prohibido al usuario acceder, modificar, visualizar la configuraci\u00f3n, estructura y ficheros de los servidores propiedad de CORS, REHABILITACIO, REFORMES I SERVEIS S.L, asumiendo la responsabilidad civil y penal derivada de cualquier incidencia que se pudiera producir en los servidores y sistemas de seguridad como consecuencia directa de una actuaci\u00f3n negligente o maliciosa por su parte.<\/span><\/p>\n<p><span style=\"font-weight: 400;\">Propiedad intelectual de los contenidos alojados<\/span><\/p>\n<p><span style=\"font-weight: 400;\">Se proh\u00edbe el uso contrario a la legislaci\u00f3n sobre propiedad intelectual de los servicios prestados por CORS, REHABILITACIO, REFORMES I SERVEIS S.L y, en particular de:<\/span><\/p>\n<ol>\n<li style=\"font-weight: 400;\" aria-level=\"1\"><span style=\"font-weight: 400;\">La utilizaci\u00f3n que resulte contraria a las leyes espa\u00f1olas o que infrinja los derechos de terceros.<\/span><\/li>\n<li style=\"font-weight: 400;\" aria-level=\"1\"><span style=\"font-weight: 400;\">La publicaci\u00f3n o la transmisi\u00f3n de cualquier contenido que, a juicio de <\/span><span style=\"font-weight: 400;\">CORS, REHABILITACIO, REFORMES I SERVEIS S.L<\/span><span style=\"font-weight: 400;\">, resulte violento, obsceno, abusivo, ilegal, racial, xen\u00f3fobo o difamatorio.<\/span><\/li>\n<li style=\"font-weight: 400;\" aria-level=\"1\"><span style=\"font-weight: 400;\">Los cracks, n\u00fameros de serie de programas o cualquier otro contenido que vulnere derechos de la propiedad intelectual de terceros.<\/span><\/li>\n<li style=\"font-weight: 400;\" aria-level=\"1\"><span style=\"font-weight: 400;\">La recogida y\/o utilizaci\u00f3n de datos personales de otros usuarios sin su consentimiento expreso o contraviniendo lo dispuesto en el Reglamento (UE) 2016\/679 del Parlamento Europeo y del Consejo, de 27 de abril de 2016, relativo a la protecci\u00f3n de las personas f\u00edsicas en lo que respecta al tratamiento de datos personales y a la libre circulaci\u00f3n de los mismos.<\/span><\/li>\n<li style=\"font-weight: 400;\" aria-level=\"1\"><span style=\"font-weight: 400;\">La utilizaci\u00f3n del servidor de correo del dominio y de las direcciones de correo electr\u00f3nico para el env\u00edo de correo masivo no deseado.<\/span><\/li>\n<\/ol>\n<p><span style=\"font-weight: 400;\">El usuario tiene toda la responsabilidad sobre el contenido de su web, la informaci\u00f3n transmitida y almacenada, los enlaces de hipertexto, las reivindicaciones de terceros y las acciones legales en referencia a propiedad intelectual, derechos de terceros y protecci\u00f3n de menores.<\/span><\/p>\n<p><span style=\"font-weight: 400;\">El usuario es responsable respecto a las leyes y reglamentos en vigor y las reglas que tienen que ver con el funcionamiento del servicio online, comercio electr\u00f3nico, derechos de autor, mantenimiento del orden p\u00fablico, as\u00ed como principios universales de uso de Internet.<\/span><\/p>\n<p><span style=\"font-weight: 400;\">El usuario indemnizar\u00e1 a CORS, REHABILITACIO, REFORMES I SERVEIS S.L por los gastos que generara la imputaci\u00f3n de CORS, REHABILITACIO, REFORMES I SERVEIS S.L en alguna causa cuya responsabilidad fuera atribuible al usuario, incluidos honorarios y gastos de defensa jur\u00eddica, incluso en el caso de una decisi\u00f3n judicial no definitiva.<\/span><\/p>\n<p><span style=\"font-weight: 400;\">Protecci\u00f3n de la informaci\u00f3n alojada<\/span><\/p>\n<p><span style=\"font-weight: 400;\">CORS, REHABILITACIO, REFORMES I SERVEIS S.L realiza copias de seguridad de los contenidos alojados en sus servidores, sin embargo no se responsabiliza de la p\u00e9rdida o el borrado accidental de los datos por parte de los usuarios. De igual manera, no garantiza la reposici\u00f3n total de los datos borrados por los usuarios, ya que los citados datos podr\u00edan haber sido suprimidos y\/o modificados durante el periodo del tiempo transcurrido desde la \u00faltima copia de seguridad.<\/span><\/p>\n<p><span style=\"font-weight: 400;\">Los servicios ofertados, excepto los servicios espec\u00edficos de backup, no incluyen la reposici\u00f3n de los contenidos conservados en las copias de seguridad realizadas por CORS, REHABILITACIO, REFORMES I SERVEIS S.L, cuando esta p\u00e9rdida sea imputable al usuario; en este caso, se determinar\u00e1 una tarifa acorde a la complejidad y volumen de la recuperaci\u00f3n, siempre previa aceptaci\u00f3n del usuario.<\/span><\/p>\n<p><span style=\"font-weight: 400;\">La reposici\u00f3n de datos borrados s\u00f3lo est\u00e1 incluida en el precio del servicio cuando la p\u00e9rdida del contenido sea debida a causas atribuibles a CORS, REHABILITACIO, REFORMES I SERVEIS S.L.<\/span><\/p>\n<p><span style=\"font-weight: 400;\">Comunicaciones comerciales<\/span><\/p>\n<p><span style=\"font-weight: 400;\">En aplicaci\u00f3n de la LSSI. CORS, REHABILITACIO, REFORMES I SERVEIS S.L no enviar\u00e1 comunicaciones publicitarias o promocionales por correo electr\u00f3nico u otro medio de comunicaci\u00f3n electr\u00f3nica equivalente que previamente no hubieran sido solicitadas o expresamente autorizadas por los destinatarios de las mismas.<\/span><\/p>\n<p><span style=\"font-weight: 400;\">En el caso de usuarios con los que exista una relaci\u00f3n contractual previa, CORS, REHABILITACIO, REFORMES I SERVEIS S.L s\u00ed est\u00e1 autorizado al env\u00edo de comunicaciones comerciales referentes a productos o servicios de CORS, REHABILITACIO, REFORMES I SERVEIS S.L que sean similares a los que inicialmente fueron objeto de contrataci\u00f3n con el cliente.<\/span><\/p>\n<p><span style=\"font-weight: 400;\">En todo caso, el usuario, tras acreditar su identidad, podr\u00e1 solicitar que no se le haga llegar m\u00e1s informaci\u00f3n comercial a trav\u00e9s de los canales de Atenci\u00f3n al Cliente.<\/span><\/p>\n<p>[\/et_pb_text][\/et_pb_column][\/et_pb_row][\/et_pb_section]<\/p>","protected":false},"excerpt":{"rendered":"<p>PROTECCI\u00d3N DE DATOS DE CAR\u00c1CTER PERSONAL SEG\u00daN EL RGPD CORS, REHABILITACIO, REFORMES I SERVEIS S.L., en aplicaci\u00f3n de la normativa vigente en materia de\u00a0protecci\u00f3n de datos\u00a0de car\u00e1cter personal, informa que los datos personales que se recogen a trav\u00e9s de los formularios del Sitio web: https:\/\/corsbcn.com\/, se incluyen en los ficheros automatizados espec\u00edficos de usuarios de los servicios de CORS, REHABILITACIO, REFORMES I SERVEIS S.L. La recogida y tratamiento automatizado de los datos de car\u00e1cter personal tiene como finalidad el mantenimiento de la relaci\u00f3n comercial y el desempe\u00f1o de tareas de informaci\u00f3n, formaci\u00f3n, asesoramiento y otras actividades propias de CORS, REHABILITACIO, REFORMES I SERVEIS S.L. Estos datos \u00fanicamente ser\u00e1n cedidos a aquellas entidades que sean necesarias con el \u00fanico objetivo de dar cumplimiento a la finalidad anteriormente expuesta. CORS, REHABILITACIO, REFORMES I SERVEIS S.L.adopta las medidas necesarias para garantizar la seguridad, integridad y confidencialidad de los datos conforme a lo dispuesto en el Reglamento (UE) 2016\/679 del Parlamento Europeo y del Consejo, de 27 de abril de 2016, relativo a la protecci\u00f3n de las personas f\u00edsicas en lo que respecta al tratamiento de datos personales y a la libre circulaci\u00f3n de los mismos, y derogando la antigua LOPD, la nueva Ley [&hellip;]<\/p>","protected":false},"author":1,"featured_media":0,"parent":0,"menu_order":0,"comment_status":"closed","ping_status":"closed","template":"","meta":{"_et_pb_use_builder":"on","_et_pb_old_content":"","_et_gb_content_width":"","footnotes":""},"class_list":["post-459","page","type-page","status-publish","hentry"],"aioseo_notices":[],"_links":{"self":[{"href":"https:\/\/corsbcn.com\/ca\/wp-json\/wp\/v2\/pages\/459","targetHints":{"allow":["GET"]}}],"collection":[{"href":"https:\/\/corsbcn.com\/ca\/wp-json\/wp\/v2\/pages"}],"about":[{"href":"https:\/\/corsbcn.com\/ca\/wp-json\/wp\/v2\/types\/page"}],"author":[{"embeddable":true,"href":"https:\/\/corsbcn.com\/ca\/wp-json\/wp\/v2\/users\/1"}],"replies":[{"embeddable":true,"href":"https:\/\/corsbcn.com\/ca\/wp-json\/wp\/v2\/comments?post=459"}],"version-history":[{"count":3,"href":"https:\/\/corsbcn.com\/ca\/wp-json\/wp\/v2\/pages\/459\/revisions"}],"predecessor-version":[{"id":1457,"href":"https:\/\/corsbcn.com\/ca\/wp-json\/wp\/v2\/pages\/459\/revisions\/1457"}],"wp:attachment":[{"href":"https:\/\/corsbcn.com\/ca\/wp-json\/wp\/v2\/media?parent=459"}],"curies":[{"name":"wp","href":"https:\/\/api.w.org\/{rel}","templated":true}]}}