{"id":1459,"date":"2025-06-03T19:38:36","date_gmt":"2025-06-03T19:38:36","guid":{"rendered":"https:\/\/corsbcn.com\/?page_id=1459"},"modified":"2025-06-03T20:05:35","modified_gmt":"2025-06-03T20:05:35","slug":"aviso-legal","status":"publish","type":"page","link":"https:\/\/corsbcn.com\/ca\/aviso-legal\/","title":{"rendered":"Aviso legal"},"content":{"rendered":"[et_pb_section fb_built=\u00bb1&#8243; theme_builder_area=\u00bbpost_content\u00bb _builder_version=\u00bb4.27.4&#8243; _module_preset=\u00bbdefault\u00bb][et_pb_row _builder_version=\u00bb4.27.4&#8243; _module_preset=\u00bbdefault\u00bb theme_builder_area=\u00bbpost_content\u00bb][et_pb_column _builder_version=\u00bb4.27.4&#8243; _module_preset=\u00bbdefault\u00bb type=\u00bb4_4&#8243; theme_builder_area=\u00bbpost_content\u00bb][et_pb_text _builder_version=\u00bb4.27.4&#8243; _module_preset=\u00bbdefault\u00bb theme_builder_area=\u00bbpost_content\u00bb text_text_color=\u00bbrgba(0,0,0,0.64)\u00bb text_font=\u00bb|700|||||||\u00bb hover_enabled=\u00bb0&#8243; sticky_enabled=\u00bb0&#8243;]<p><strong>AVISO LEGAL<\/strong><\/p>\n<p><span style=\"font-weight: 400;\">En cumplimiento con el deber de informaci\u00f3n recogido en art\u00edculo 10 de la Ley 34\/2002, de 11 de julio, de Servicios de la Sociedad de la Informaci\u00f3n y del Comercio Electr\u00f3nico (LSSICE), el propietario de la web , le informa de lo siguiente:<\/span><\/p>\n<ul>\n<li style=\"font-weight: 400;\" aria-level=\"1\"><span style=\"font-weight: 400;\">Denominaci\u00f3n social: CORS, REHABILITACIO, REFORMES I SERVEIS S.L.<\/span><\/li>\n<li style=\"font-weight: 400;\" aria-level=\"1\"><span style=\"font-weight: 400;\">NIF: B67354597<\/span><\/li>\n<li style=\"font-weight: 400;\" aria-level=\"1\"><span style=\"font-weight: 400;\">Domicilio: C\/Llull 26 \u2013 Local 2 (08005) Barcelona<\/span><\/li>\n<\/ul>\n<p><span style=\"font-weight: 400;\">Con los l\u00edmites establecidos en la ley, CORS, REHABILITACIO, REFORMES I SERVEIS S.L. no asume ninguna responsabilidad derivada de la falta de veracidad, integridad, actualizaci\u00f3n y precisi\u00f3n de los datos o informaciones que contienen sus p\u00e1ginas web.<\/span><\/p>\n<p><span style=\"font-weight: 400;\">Los contenidos e informaci\u00f3n no vinculan a CORS, REHABILITACIO, REFORMES I SERVEIS S.L. ni constituyen opiniones, consejos o asesoramiento legal de ning\u00fan tipo pues se trata meramente de un servicio ofrecido con car\u00e1cter informativo y divulgativo.<\/span><\/p>\n<p><span style=\"font-weight: 400;\">Las p\u00e1ginas de Internet de CORS, REHABILITACIO, REFORMES I SERVEIS S.L. pueden contener enlaces (links) a otras p\u00e1ginas de terceras partes que CORS, REHABILITACIO, REFORMES I SERVEIS S.L. no puede controlar. Por lo tanto, CORS, REHABILITACIO, REFORMES I SERVEIS S.L. no puede asumir responsabilidades por el contenido que pueda aparecer en p\u00e1ginas de terceros.<\/span><\/p>\n<p><span style=\"font-weight: 400;\">Los textos, im\u00e1genes, sonidos, animaciones, software y el resto de contenidos incluidos en este website son propiedad exclusiva de CORS, REHABILITACIO, REFORMES I SERVEIS S.L. o sus licenciantes. Cualquier acto de transmisi\u00f3n, distribuci\u00f3n, cesi\u00f3n, reproducci\u00f3n, almacenamiento o comunicaci\u00f3n p\u00fablica total o parcial, deber\u00e1 contar con el consentimiento expreso de CORS, REHABILITACIO, REFORMES I SERVEIS S.L.<\/span><\/p>\n<p><span style=\"font-weight: 400;\">Asimismo, para acceder a algunos de los servicios que CORS, REHABILITACIO, REFORMES I SERVEIS S.L. Reformes ofrece a trav\u00e9s del sitio web, deber\u00e1 proporcionar algunos datos de car\u00e1cter personal. En cumplimiento de lo establecido en el Reglamento (UE) 2016\/679 del Parlamento Europeo y del Consejo, de 27 de abril de 2016, relativo a la protecci\u00f3n de las personas f\u00edsicas en lo que respecta al tratamiento de datos personales y a la libre circulaci\u00f3n de estos datos le informamos que, mediante la cumplimentaci\u00f3n de los presentes formularios, sus datos personales quedar\u00e1n incorporados y ser\u00e1n tratados en los ficheros de CORS, REHABILITACIO, REFORMES I SERVEIS S.L. con el fin de poderle prestar y ofrecer nuestros servicios as\u00ed como para informarle de las mejoras del sitio Web.<\/span><\/p>\n<p><span style=\"font-weight: 400;\">Le informamos tambi\u00e9n de que tendr\u00e1 la posibilidad en todo momento de ejercer los derechos de acceso, rectificaci\u00f3n, cancelaci\u00f3n, oposici\u00f3n, limitaci\u00f3n y portabilidad de sus datos de car\u00e1cter personal, de manera gratuita mediante email a: <\/span><a href=\"https:\/\/corsbcn.com\/ca\/nosotros\/\"><span style=\"font-weight: 400;\">info@corsbcn.com<\/span><\/a><span style=\"font-weight: 400;\"> o en la direcci\u00f3n: C\/Llull 26 \u2013 Local 2 (08005) Barcelona<\/span><\/p>[\/et_pb_text][\/et_pb_column][\/et_pb_row][\/et_pb_section]","protected":false},"excerpt":{"rendered":"<p>AVISO LEGAL En cumplimiento con el deber de informaci\u00f3n recogido en art\u00edculo 10 de la Ley 34\/2002, de 11 de julio, de Servicios de la Sociedad de la Informaci\u00f3n y del Comercio Electr\u00f3nico (LSSICE), el propietario de la web , le informa de lo siguiente: Denominaci\u00f3n social: CORS, REHABILITACIO, REFORMES I SERVEIS S.L. NIF: B67354597 Domicilio: C\/Llull 26 \u2013 Local 2 (08005) Barcelona Con los l\u00edmites establecidos en la ley, CORS, REHABILITACIO, REFORMES I SERVEIS S.L. no asume ninguna responsabilidad derivada de la falta de veracidad, integridad, actualizaci\u00f3n y precisi\u00f3n de los datos o informaciones que contienen sus p\u00e1ginas web. Los contenidos e informaci\u00f3n no vinculan a CORS, REHABILITACIO, REFORMES I SERVEIS S.L. ni constituyen opiniones, consejos o asesoramiento legal de ning\u00fan tipo pues se trata meramente de un servicio ofrecido con car\u00e1cter informativo y divulgativo. Las p\u00e1ginas de Internet de CORS, REHABILITACIO, REFORMES I SERVEIS S.L. pueden contener enlaces (links) a otras p\u00e1ginas de terceras partes que CORS, REHABILITACIO, REFORMES I SERVEIS S.L. no puede controlar. Por lo tanto, CORS, REHABILITACIO, REFORMES I SERVEIS S.L. no puede asumir responsabilidades por el contenido que pueda aparecer en p\u00e1ginas de terceros. Los textos, im\u00e1genes, sonidos, animaciones, software y el resto de [&hellip;]<\/p>","protected":false},"author":2,"featured_media":0,"parent":0,"menu_order":0,"comment_status":"closed","ping_status":"closed","template":"","meta":{"_et_pb_use_builder":"on","_et_pb_old_content":"","_et_gb_content_width":"","footnotes":""},"class_list":["post-1459","page","type-page","status-publish","hentry"],"aioseo_notices":[],"_links":{"self":[{"href":"https:\/\/corsbcn.com\/ca\/wp-json\/wp\/v2\/pages\/1459","targetHints":{"allow":["GET"]}}],"collection":[{"href":"https:\/\/corsbcn.com\/ca\/wp-json\/wp\/v2\/pages"}],"about":[{"href":"https:\/\/corsbcn.com\/ca\/wp-json\/wp\/v2\/types\/page"}],"author":[{"embeddable":true,"href":"https:\/\/corsbcn.com\/ca\/wp-json\/wp\/v2\/users\/2"}],"replies":[{"embeddable":true,"href":"https:\/\/corsbcn.com\/ca\/wp-json\/wp\/v2\/comments?post=1459"}],"version-history":[{"count":3,"href":"https:\/\/corsbcn.com\/ca\/wp-json\/wp\/v2\/pages\/1459\/revisions"}],"predecessor-version":[{"id":1462,"href":"https:\/\/corsbcn.com\/ca\/wp-json\/wp\/v2\/pages\/1459\/revisions\/1462"}],"wp:attachment":[{"href":"https:\/\/corsbcn.com\/ca\/wp-json\/wp\/v2\/media?parent=1459"}],"curies":[{"name":"wp","href":"https:\/\/api.w.org\/{rel}","templated":true}]}}